{"id":3711,"date":"2025-08-25T19:40:46","date_gmt":"2025-08-25T19:40:46","guid":{"rendered":"https:\/\/panamapavilion.org\/?page_id=3711"},"modified":"2025-10-17T09:38:10","modified_gmt":"2025-10-17T14:38:10","slug":"inscripcion","status":"publish","type":"page","link":"https:\/\/panamapavilion.org\/en\/inscripcion\/","title":{"rendered":"inscripcion"},"content":{"rendered":"<div data-elementor-type=\"wp-page\" data-elementor-id=\"3711\" class=\"elementor elementor-3711\" data-elementor-post-type=\"page\">\n\t\t\t\t<div class=\"elementor-element elementor-element-0c5e7f7 e-flex e-con-boxed e-con e-parent\" data-id=\"0c5e7f7\" data-element_type=\"container\" data-e-type=\"container\">\n\t\t\t\t\t<div class=\"e-con-inner\">\n\t\t\t\t<div class=\"elementor-element elementor-element-c5de585 elementor-widget elementor-widget-heading\" data-id=\"c5de585\" data-element_type=\"widget\" data-e-type=\"widget\" data-widget_type=\"heading.default\">\n\t\t\t\t<div class=\"elementor-widget-container\">\n\t\t\t\t\t<h2 class=\"elementor-heading-title elementor-size-default\">Formulario de Aplicaci\u00f3n \u2013 Pabell\u00f3n de Panam\u00e1 en la Bienal de Arte de Venecia 2026 <\/h2>\t\t\t\t<\/div>\n\t\t\t\t<\/div>\n\t\t\t\t\t<\/div>\n\t\t\t\t<\/div>\n\t\t<div class=\"elementor-element elementor-element-d58bfcc e-flex e-con-boxed e-con e-parent\" data-id=\"d58bfcc\" data-element_type=\"container\" data-e-type=\"container\">\n\t\t\t\t\t<div class=\"e-con-inner\">\n\t\t\t\t<div class=\"elementor-element elementor-element-b505657 elementor-widget elementor-widget-image\" data-id=\"b505657\" data-element_type=\"widget\" data-e-type=\"widget\" data-widget_type=\"image.default\">\n\t\t\t\t<div class=\"elementor-widget-container\">\n\t\t\t\t\t\t\t\t\t\t\t\t\t\t\t<img fetchpriority=\"high\" decoding=\"async\" width=\"1024\" height=\"576\" src=\"https:\/\/panamapavilion.org\/wp-content\/uploads\/2025\/09\/Baner-Convocatoria01-1024x576.jpg\" class=\"attachment-large size-large wp-image-3852\" alt=\"\" srcset=\"https:\/\/panamapavilion.org\/wp-content\/uploads\/2025\/09\/Baner-Convocatoria01-1024x576.jpg 1024w, https:\/\/panamapavilion.org\/wp-content\/uploads\/2025\/09\/Baner-Convocatoria01-300x169.jpg 300w, https:\/\/panamapavilion.org\/wp-content\/uploads\/2025\/09\/Baner-Convocatoria01-768x432.jpg 768w, https:\/\/panamapavilion.org\/wp-content\/uploads\/2025\/09\/Baner-Convocatoria01-1536x864.jpg 1536w, https:\/\/panamapavilion.org\/wp-content\/uploads\/2025\/09\/Baner-Convocatoria01-18x10.jpg 18w, https:\/\/panamapavilion.org\/wp-content\/uploads\/2025\/09\/Baner-Convocatoria01.jpg 1920w\" sizes=\"(max-width: 1024px) 100vw, 1024px\" \/>\t\t\t\t\t\t\t\t\t\t\t\t\t\t\t<\/div>\n\t\t\t\t<\/div>\n\t\t\t\t\t<\/div>\n\t\t\t\t<\/div>\n\t\t<div class=\"elementor-element elementor-element-db74c79 e-flex e-con-boxed e-con e-parent\" data-id=\"db74c79\" data-element_type=\"container\" data-e-type=\"container\">\n\t\t\t\t\t<div class=\"e-con-inner\">\n\t\t\t\t<div class=\"elementor-element elementor-element-ccd0e4b elementor-widget elementor-widget-text-editor\" data-id=\"ccd0e4b\" data-element_type=\"widget\" data-e-type=\"widget\" data-widget_type=\"text-editor.default\">\n\t\t\t\t<div class=\"elementor-widget-container\">\n\t\t\t\t\t\t\t\t\t<p><strong>Convocatoria cerrada.<\/strong><\/p><p>Agradecemos su inter\u00e9s.<\/p><p>Le invitamos a estar atentos a nuestras redes socialez @panamapavilion.<\/p><p>El anuncio de la selecci\u00f3n se dara el dia 7 de noviembre 2025.<\/p>\t\t\t\t\t\t\t\t<\/div>\n\t\t\t\t<\/div>\n\t\t\t\t\t<\/div>\n\t\t\t\t<\/div>\n\t\t\t\t<\/div>","protected":false},"excerpt":{"rendered":"<p>Formulario de Aplicaci\u00f3n \u2013 Pabell\u00f3n de Panam\u00e1 en la Bienal de Arte de Venecia 2026 Convocatoria cerrada. Agradecemos su inter\u00e9s. Le invitamos a estar atentos a nuestras redes socialez @panamapavilion. El anuncio de la selecci\u00f3n se dara el dia 7 de noviembre 2025.<\/p>","protected":false},"author":1,"featured_media":0,"parent":0,"menu_order":0,"comment_status":"closed","ping_status":"closed","template":"","meta":{"site-sidebar-layout":"no-sidebar","site-content-layout":"page-builder","ast-site-content-layout":"full-width-container","site-content-style":"default","site-sidebar-style":"default","ast-global-header-display":"","ast-banner-title-visibility":"","ast-main-header-display":"","ast-hfb-above-header-display":"","ast-hfb-below-header-display":"","ast-hfb-mobile-header-display":"","site-post-title":"","ast-breadcrumbs-content":"","ast-featured-img":"disabled","footer-sml-layout":"","ast-disable-related-posts":"","theme-transparent-header-meta":"","adv-header-id-meta":"","stick-header-meta":"","header-above-stick-meta":"","header-main-stick-meta":"","header-below-stick-meta":"","astra-migrate-meta-layouts":"set","ast-page-background-enabled":"default","ast-page-background-meta":{"desktop":{"background-color":"","background-image":"","background-repeat":"repeat","background-position":"center center","background-size":"auto","background-attachment":"scroll","background-type":"","background-media":"","overlay-type":"","overlay-color":"","overlay-opacity":"","overlay-gradient":""},"tablet":{"background-color":"","background-image":"","background-repeat":"repeat","background-position":"center center","background-size":"auto","background-attachment":"scroll","background-type":"","background-media":"","overlay-type":"","overlay-color":"","overlay-opacity":"","overlay-gradient":""},"mobile":{"background-color":"","background-image":"","background-repeat":"repeat","background-position":"center center","background-size":"auto","background-attachment":"scroll","background-type":"","background-media":"","overlay-type":"","overlay-color":"","overlay-opacity":"","overlay-gradient":""}},"ast-content-background-meta":{"desktop":{"background-color":"var(--ast-global-color-5)","background-image":"","background-repeat":"repeat","background-position":"center center","background-size":"auto","background-attachment":"scroll","background-type":"","background-media":"","overlay-type":"","overlay-color":"","overlay-opacity":"","overlay-gradient":""},"tablet":{"background-color":"var(--ast-global-color-5)","background-image":"","background-repeat":"repeat","background-position":"center center","background-size":"auto","background-attachment":"scroll","background-type":"","background-media":"","overlay-type":"","overlay-color":"","overlay-opacity":"","overlay-gradient":""},"mobile":{"background-color":"var(--ast-global-color-5)","background-image":"","background-repeat":"repeat","background-position":"center center","background-size":"auto","background-attachment":"scroll","background-type":"","background-media":"","overlay-type":"","overlay-color":"","overlay-opacity":"","overlay-gradient":""}},"footnotes":""},"class_list":["post-3711","page","type-page","status-publish","hentry"],"_links":{"self":[{"href":"https:\/\/panamapavilion.org\/en\/wp-json\/wp\/v2\/pages\/3711","targetHints":{"allow":["GET"]}}],"collection":[{"href":"https:\/\/panamapavilion.org\/en\/wp-json\/wp\/v2\/pages"}],"about":[{"href":"https:\/\/panamapavilion.org\/en\/wp-json\/wp\/v2\/types\/page"}],"author":[{"embeddable":true,"href":"https:\/\/panamapavilion.org\/en\/wp-json\/wp\/v2\/users\/1"}],"replies":[{"embeddable":true,"href":"https:\/\/panamapavilion.org\/en\/wp-json\/wp\/v2\/comments?post=3711"}],"version-history":[{"count":52,"href":"https:\/\/panamapavilion.org\/en\/wp-json\/wp\/v2\/pages\/3711\/revisions"}],"predecessor-version":[{"id":3879,"href":"https:\/\/panamapavilion.org\/en\/wp-json\/wp\/v2\/pages\/3711\/revisions\/3879"}],"wp:attachment":[{"href":"https:\/\/panamapavilion.org\/en\/wp-json\/wp\/v2\/media?parent=3711"}],"curies":[{"name":"wp","href":"https:\/\/api.w.org\/{rel}","templated":true}]}}