{"id":3523,"date":"2025-03-05T14:27:35","date_gmt":"2025-03-05T14:27:35","guid":{"rendered":"https:\/\/panamapavilion.org\/?page_id=3523"},"modified":"2025-03-05T14:31:08","modified_gmt":"2025-03-05T14:31:08","slug":"giana-de-dier","status":"publish","type":"page","link":"https:\/\/panamapavilion.org\/en\/giana-de-dier\/","title":{"rendered":"GIANA DE DIER"},"content":{"rendered":"<div data-elementor-type=\"wp-page\" data-elementor-id=\"3523\" class=\"elementor elementor-3523\" data-elementor-post-type=\"page\">\n\t\t\t\t<div class=\"elementor-element elementor-element-4a40f38 e-flex e-con-boxed e-con e-parent\" data-id=\"4a40f38\" data-element_type=\"container\" data-e-type=\"container\">\n\t\t\t\t\t<div class=\"e-con-inner\">\n\t\t\t\t<div class=\"elementor-element elementor-element-597d415 elementor-widget elementor-widget-spacer\" data-id=\"597d415\" data-element_type=\"widget\" data-e-type=\"widget\" data-widget_type=\"spacer.default\">\n\t\t\t\t<div class=\"elementor-widget-container\">\n\t\t\t\t\t\t\t<div class=\"elementor-spacer\">\n\t\t\t<div class=\"elementor-spacer-inner\"><\/div>\n\t\t<\/div>\n\t\t\t\t\t\t<\/div>\n\t\t\t\t<\/div>\n\t\t\t\t\t<\/div>\n\t\t\t\t<\/div>\n\t\t<div class=\"elementor-element elementor-element-6f3e7ea e-flex e-con-boxed e-con e-parent\" data-id=\"6f3e7ea\" data-element_type=\"container\" data-e-type=\"container\">\n\t\t\t\t\t<div class=\"e-con-inner\">\n\t\t<div class=\"elementor-element elementor-element-4c07e5a e-con-full e-flex e-con e-child\" data-id=\"4c07e5a\" data-element_type=\"container\" data-e-type=\"container\">\n\t\t\t\t<div class=\"elementor-element elementor-element-a2c8210 elementor-widget elementor-widget-image\" data-id=\"a2c8210\" data-element_type=\"widget\" data-e-type=\"widget\" data-widget_type=\"image.default\">\n\t\t\t\t<div class=\"elementor-widget-container\">\n\t\t\t\t\t\t\t\t\t\t\t\t<figure class=\"wp-caption\">\n\t\t\t\t\t\t\t\t\t\t<img fetchpriority=\"high\" decoding=\"async\" width=\"300\" height=\"300\" src=\"https:\/\/panamapavilion.org\/wp-content\/uploads\/2024\/01\/Artista2-300x300.jpg\" class=\"attachment-medium size-medium wp-image-2153\" alt=\"\" srcset=\"https:\/\/panamapavilion.org\/wp-content\/uploads\/2024\/01\/Artista2-300x300.jpg 300w, https:\/\/panamapavilion.org\/wp-content\/uploads\/2024\/01\/Artista2-150x150.jpg 150w, https:\/\/panamapavilion.org\/wp-content\/uploads\/2024\/01\/Artista2-768x768.jpg 768w, https:\/\/panamapavilion.org\/wp-content\/uploads\/2024\/01\/Artista2-12x12.jpg 12w, https:\/\/panamapavilion.org\/wp-content\/uploads\/2024\/01\/Artista2.jpg 1024w\" sizes=\"(max-width: 300px) 100vw, 300px\" \/>\t\t\t\t\t\t\t\t\t\t\t<figcaption class=\"widget-image-caption wp-caption-text\"><b>Giana De Dier<\/b><br><i>Panamanian, 1980<\/i><\/figcaption>\n\t\t\t\t\t\t\t\t\t\t<\/figure>\n\t\t\t\t\t\t\t\t\t<\/div>\n\t\t\t\t<\/div>\n\t\t\t\t<\/div>\n\t\t<div class=\"elementor-element elementor-element-f4ca363 e-flex e-con-boxed e-con e-child\" data-id=\"f4ca363\" data-element_type=\"container\" data-e-type=\"container\">\n\t\t\t\t\t<div class=\"e-con-inner\">\n\t\t\t\t<div class=\"elementor-element elementor-element-6499d66 elementor-widget elementor-widget-text-editor\" data-id=\"6499d66\" data-element_type=\"widget\" data-e-type=\"widget\" data-widget_type=\"text-editor.default\">\n\t\t\t\t<div class=\"elementor-widget-container\">\n\t\t\t\t\t\t\t\t\t<p class=\"cvGsUA direction-ltr align-start para-style-body\"><span class=\"OYPEnA text-decoration-none text-strikethrough-none\">Panamanian artist <strong>Giana De Dier<\/strong> <\/span><span class=\"OYPEnA text-decoration-none text-strikethrough-none\">explores the representation of the Afro-descendant population through drawings and <\/span><span class=\"OYPEnA text-decoration-none text-strikethrough-none\">collages that he builds with information and <\/span><span class=\"OYPEnA text-decoration-none text-strikethrough-none\">materials from historical archives, oral histories and family memories, as well as with photos she takes and the appropriation of old photographs. She focuses on <\/span><span class=\"OYPEnA text-decoration-none text-strikethrough-none\">representations of women of origin <\/span><span class=\"OYPEnA text-decoration-none text-strikethrough-none\">caribbean, putting together imaginary scenarios <\/span><span class=\"OYPEnA text-decoration-none text-strikethrough-none\">to commemorate the resilience of the West Indian migrants who arrived in the country for the construction of the canal and to bear witness to their <\/span><span class=\"OYPEnA text-decoration-none text-strikethrough-none\">contribution to the shaping of identity <\/span><span class=\"OYPEnA text-decoration-none text-strikethrough-none\">paname\u00f1a. <\/span><\/p><p class=\"cvGsUA direction-ltr align-start para-style-body\"><span class=\"OYPEnA text-decoration-none text-strikethrough-none\">De Dier estudi\u00f3 Artes Visuales en <\/span><span class=\"OYPEnA text-decoration-none text-strikethrough-none\">the University of Panama. After his first participation in a group show in 2009, and his first individual exhibition in 2014, he has <\/span><span class=\"OYPEnA text-decoration-none text-strikethrough-none\">exhibited on a dozen occasions at<\/span><span class=\"OYPEnA text-decoration-none text-strikethrough-none\">Panam\u00e1, Italy and the United States. In 2022, she was invited to the prestigious <strong>58\u00aa Carnegie International en Pittsburgh<\/strong> and in 2023, she was the winner of the first artist residency at <\/span><span class=\"OYPEnA text-decoration-none text-strikethrough-none\">el <strong>Panama Interoceanic Canal Museum<\/strong>.<\/span><\/p>\t\t\t\t\t\t\t\t<\/div>\n\t\t\t\t<\/div>\n\t\t\t\t<div class=\"elementor-element elementor-element-23f9a56 elementor-align-center elementor-widget elementor-widget-button\" data-id=\"23f9a56\" data-element_type=\"widget\" data-e-type=\"widget\" data-widget_type=\"button.default\">\n\t\t\t\t<div class=\"elementor-widget-container\">\n\t\t\t\t\t\t\t\t\t<div class=\"elementor-button-wrapper\">\n\t\t\t\t\t<a class=\"elementor-button elementor-button-link elementor-size-sm\" href=\"https:\/\/gianadedier.com\/Bio\" target=\"_blank\">\n\t\t\t\t\t\t<span class=\"elementor-button-content-wrapper\">\n\t\t\t\t\t\t<span class=\"elementor-button-icon\">\n\t\t\t\t<svg aria-hidden=\"true\" class=\"e-font-icon-svg e-fas-long-arrow-alt-right\" viewbox=\"0 0 448 512\" xmlns=\"http:\/\/www.w3.org\/2000\/svg\"><path d=\"M313.941 216H12c-6.627 0-12 5.373-12 12v56c0 6.627 5.373 12 12 12h301.941v46.059c0 21.382 25.851 32.09 40.971 16.971l86.059-86.059c9.373-9.373 9.373-24.569 0-33.941l-86.059-86.059c-15.119-15.119-40.971-4.411-40.971 16.971V216z\"><\/path><\/svg>\t\t\t<\/span>\n\t\t\t\t\t\t\t\t\t<span class=\"elementor-button-text\">Read More<\/span>\n\t\t\t\t\t<\/span>\n\t\t\t\t\t<\/a>\n\t\t\t\t<\/div>\n\t\t\t\t\t\t\t\t<\/div>\n\t\t\t\t<\/div>\n\t\t\t\t\t<\/div>\n\t\t\t\t<\/div>\n\t\t\t\t\t<\/div>\n\t\t\t\t<\/div>\n\t\t<div class=\"elementor-element elementor-element-2348e00 e-flex e-con-boxed e-con e-parent\" data-id=\"2348e00\" data-element_type=\"container\" data-e-type=\"container\">\n\t\t\t\t\t<div class=\"e-con-inner\">\n\t\t\t\t<div class=\"elementor-element elementor-element-af3d3de elementor-widget elementor-widget-spacer\" data-id=\"af3d3de\" data-element_type=\"widget\" data-e-type=\"widget\" data-widget_type=\"spacer.default\">\n\t\t\t\t<div class=\"elementor-widget-container\">\n\t\t\t\t\t\t\t<div class=\"elementor-spacer\">\n\t\t\t<div class=\"elementor-spacer-inner\"><\/div>\n\t\t<\/div>\n\t\t\t\t\t\t<\/div>\n\t\t\t\t<\/div>\n\t\t\t\t\t<\/div>\n\t\t\t\t<\/div>\n\t\t\t\t<\/div>","protected":false},"excerpt":{"rendered":"<p>Giana De DierPaname\u00f1a, 1980 La artista paname\u00f1a Giana De Dier explora la representaci\u00f3n de la poblaci\u00f3n afrodescendiente a trav\u00e9s de dibujos y collages que construye con informaci\u00f3n y materiales de archivos hist\u00f3ricos, historias orales y recuerdos familiares, as\u00ed como con fotos que ella toma y la apropiaci\u00f3n de fotograf\u00edas antiguas. Se enfoca en representaciones de [&hellip;]<\/p>\n","protected":false},"author":1,"featured_media":0,"parent":0,"menu_order":0,"comment_status":"closed","ping_status":"closed","template":"","meta":{"site-sidebar-layout":"no-sidebar","site-content-layout":"page-builder","ast-site-content-layout":"full-width-container","site-content-style":"default","site-sidebar-style":"default","ast-global-header-display":"","ast-banner-title-visibility":"","ast-main-header-display":"","ast-hfb-above-header-display":"","ast-hfb-below-header-display":"","ast-hfb-mobile-header-display":"","site-post-title":"disabled","ast-breadcrumbs-content":"","ast-featured-img":"disabled","footer-sml-layout":"","ast-disable-related-posts":"","theme-transparent-header-meta":"","adv-header-id-meta":"","stick-header-meta":"","header-above-stick-meta":"","header-main-stick-meta":"","header-below-stick-meta":"","astra-migrate-meta-layouts":"set","ast-page-background-enabled":"default","ast-page-background-meta":{"desktop":{"background-color":"","background-image":"","background-repeat":"repeat","background-position":"center center","background-size":"auto","background-attachment":"scroll","background-type":"","background-media":"","overlay-type":"","overlay-color":"","overlay-opacity":"","overlay-gradient":""},"tablet":{"background-color":"","background-image":"","background-repeat":"repeat","background-position":"center center","background-size":"auto","background-attachment":"scroll","background-type":"","background-media":"","overlay-type":"","overlay-color":"","overlay-opacity":"","overlay-gradient":""},"mobile":{"background-color":"","background-image":"","background-repeat":"repeat","background-position":"center center","background-size":"auto","background-attachment":"scroll","background-type":"","background-media":"","overlay-type":"","overlay-color":"","overlay-opacity":"","overlay-gradient":""}},"ast-content-background-meta":{"desktop":{"background-color":"var(--ast-global-color-5)","background-image":"","background-repeat":"repeat","background-position":"center center","background-size":"auto","background-attachment":"scroll","background-type":"","background-media":"","overlay-type":"","overlay-color":"","overlay-opacity":"","overlay-gradient":""},"tablet":{"background-color":"var(--ast-global-color-5)","background-image":"","background-repeat":"repeat","background-position":"center center","background-size":"auto","background-attachment":"scroll","background-type":"","background-media":"","overlay-type":"","overlay-color":"","overlay-opacity":"","overlay-gradient":""},"mobile":{"background-color":"var(--ast-global-color-5)","background-image":"","background-repeat":"repeat","background-position":"center center","background-size":"auto","background-attachment":"scroll","background-type":"","background-media":"","overlay-type":"","overlay-color":"","overlay-opacity":"","overlay-gradient":""}},"footnotes":""},"class_list":["post-3523","page","type-page","status-publish","hentry"],"_links":{"self":[{"href":"https:\/\/panamapavilion.org\/en\/wp-json\/wp\/v2\/pages\/3523","targetHints":{"allow":["GET"]}}],"collection":[{"href":"https:\/\/panamapavilion.org\/en\/wp-json\/wp\/v2\/pages"}],"about":[{"href":"https:\/\/panamapavilion.org\/en\/wp-json\/wp\/v2\/types\/page"}],"author":[{"embeddable":true,"href":"https:\/\/panamapavilion.org\/en\/wp-json\/wp\/v2\/users\/1"}],"replies":[{"embeddable":true,"href":"https:\/\/panamapavilion.org\/en\/wp-json\/wp\/v2\/comments?post=3523"}],"version-history":[{"count":4,"href":"https:\/\/panamapavilion.org\/en\/wp-json\/wp\/v2\/pages\/3523\/revisions"}],"predecessor-version":[{"id":3530,"href":"https:\/\/panamapavilion.org\/en\/wp-json\/wp\/v2\/pages\/3523\/revisions\/3530"}],"wp:attachment":[{"href":"https:\/\/panamapavilion.org\/en\/wp-json\/wp\/v2\/media?parent=3523"}],"curies":[{"name":"wp","href":"https:\/\/api.w.org\/{rel}","templated":true}]}}