{"id":3507,"date":"2025-03-05T14:20:19","date_gmt":"2025-03-05T14:20:19","guid":{"rendered":"https:\/\/panamapavilion.org\/?page_id=3507"},"modified":"2025-03-05T14:21:41","modified_gmt":"2025-03-05T14:21:41","slug":"isabel-de-obaldia","status":"publish","type":"page","link":"https:\/\/panamapavilion.org\/en\/isabel-de-obaldia\/","title":{"rendered":"Isabel de obaldia"},"content":{"rendered":"<div data-elementor-type=\"wp-page\" data-elementor-id=\"3507\" class=\"elementor elementor-3507\" data-elementor-post-type=\"page\">\n\t\t\t\t<div class=\"elementor-element elementor-element-25b6b3e e-flex e-con-boxed e-con e-parent\" data-id=\"25b6b3e\" data-element_type=\"container\" data-e-type=\"container\">\n\t\t\t\t\t<div class=\"e-con-inner\">\n\t\t\t\t<div class=\"elementor-element elementor-element-384f5e9 elementor-widget elementor-widget-spacer\" data-id=\"384f5e9\" data-element_type=\"widget\" data-e-type=\"widget\" data-widget_type=\"spacer.default\">\n\t\t\t\t<div class=\"elementor-widget-container\">\n\t\t\t\t\t\t\t<div class=\"elementor-spacer\">\n\t\t\t<div class=\"elementor-spacer-inner\"><\/div>\n\t\t<\/div>\n\t\t\t\t\t\t<\/div>\n\t\t\t\t<\/div>\n\t\t\t\t\t<\/div>\n\t\t\t\t<\/div>\n\t\t<div class=\"elementor-element elementor-element-4143777 e-flex e-con-boxed e-con e-parent\" data-id=\"4143777\" data-element_type=\"container\" data-e-type=\"container\">\n\t\t\t\t\t<div class=\"e-con-inner\">\n\t\t<div class=\"elementor-element elementor-element-51d4b70 e-con-full e-flex e-con e-child\" data-id=\"51d4b70\" data-element_type=\"container\" data-e-type=\"container\">\n\t\t\t\t<div class=\"elementor-element elementor-element-4728d6a elementor-widget elementor-widget-image\" data-id=\"4728d6a\" data-element_type=\"widget\" data-e-type=\"widget\" data-widget_type=\"image.default\">\n\t\t\t\t<div class=\"elementor-widget-container\">\n\t\t\t\t\t\t\t\t\t\t\t\t<figure class=\"wp-caption\">\n\t\t\t\t\t\t\t\t\t\t<img fetchpriority=\"high\" decoding=\"async\" width=\"300\" height=\"300\" src=\"https:\/\/panamapavilion.org\/wp-content\/uploads\/2024\/03\/Artista5-300x300.jpg\" class=\"attachment-medium size-medium wp-image-2858\" alt=\"\" srcset=\"https:\/\/panamapavilion.org\/wp-content\/uploads\/2024\/03\/Artista5-300x300.jpg 300w, https:\/\/panamapavilion.org\/wp-content\/uploads\/2024\/03\/Artista5-150x150.jpg 150w, https:\/\/panamapavilion.org\/wp-content\/uploads\/2024\/03\/Artista5-768x768.jpg 768w, https:\/\/panamapavilion.org\/wp-content\/uploads\/2024\/03\/Artista5-12x12.jpg 12w, https:\/\/panamapavilion.org\/wp-content\/uploads\/2024\/03\/Artista5.jpg 1024w\" sizes=\"(max-width: 300px) 100vw, 300px\" \/>\t\t\t\t\t\t\t\t\t\t\t<figcaption class=\"widget-image-caption wp-caption-text\"><b>Isabel De Obald\u00eda<\/b><br><i>Panamanian born in Washington, D.C., 1957<\/i><\/figcaption>\n\t\t\t\t\t\t\t\t\t\t<\/figure>\n\t\t\t\t\t\t\t\t\t<\/div>\n\t\t\t\t<\/div>\n\t\t\t\t<\/div>\n\t\t<div class=\"elementor-element elementor-element-c946ddb e-con-full e-flex e-con e-child\" data-id=\"c946ddb\" data-element_type=\"container\" data-e-type=\"container\">\n\t\t\t\t<div class=\"elementor-element elementor-element-0f307b0 elementor-widget-tablet__width-inherit elementor-widget elementor-widget-text-editor\" data-id=\"0f307b0\" data-element_type=\"widget\" data-e-type=\"widget\" data-widget_type=\"text-editor.default\">\n\t\t\t\t<div class=\"elementor-widget-container\">\n\t\t\t\t\t\t\t\t\t<p class=\"cvGsUA direction-ltr align-start para-style-body\">Although she was initially trained in graphic design and cinematography, the much-admired Panamanian artist Isabel De Obald\u00eda is known for her drawings, paintings, sculptures, and videos. She has exhibited over four decades in numerous solo exhibitions and group shows in Panama, Europe, and the United States.<\/p><p class=\"cvGsUA direction-ltr align-start para-style-body\">In 1989, a time of political turmoil in Panama, she created memorable works of protests against the dictatorship. In the 90s, she discovered the practice of glass sculpture, a medium in which she has achieved recognition for her extraordinary large-scale pieces, usually of male figures, wild animals, torsos, and heads. She has been exhibiting with the Mary-Anne Martin Fine Art Fine Art Gallery in New York since 1997, and recently, in 2022, she was invited to the 58th Carnegie International, the world's second-oldest biennial. In both her two-dimensional and glass works De Obald\u00eda expresses a remarkable concern for the natural world, as well as for human beings and their often-difficult sociopolitical circumstances.<\/p>\t\t\t\t\t\t\t\t<\/div>\n\t\t\t\t<\/div>\n\t\t\t\t<div class=\"elementor-element elementor-element-2f3aebd elementor-align-center elementor-widget elementor-widget-button\" data-id=\"2f3aebd\" data-element_type=\"widget\" data-e-type=\"widget\" data-widget_type=\"button.default\">\n\t\t\t\t<div class=\"elementor-widget-container\">\n\t\t\t\t\t\t\t\t\t<div class=\"elementor-button-wrapper\">\n\t\t\t\t\t<a class=\"elementor-button elementor-button-link elementor-size-sm\" href=\"https:\/\/www.isabeldeobaldia.com\/\" target=\"_blank\">\n\t\t\t\t\t\t<span class=\"elementor-button-content-wrapper\">\n\t\t\t\t\t\t<span class=\"elementor-button-icon\">\n\t\t\t\t<svg aria-hidden=\"true\" class=\"e-font-icon-svg e-fas-long-arrow-alt-right\" viewbox=\"0 0 448 512\" xmlns=\"http:\/\/www.w3.org\/2000\/svg\"><path d=\"M313.941 216H12c-6.627 0-12 5.373-12 12v56c0 6.627 5.373 12 12 12h301.941v46.059c0 21.382 25.851 32.09 40.971 16.971l86.059-86.059c9.373-9.373 9.373-24.569 0-33.941l-86.059-86.059c-15.119-15.119-40.971-4.411-40.971 16.971V216z\"><\/path><\/svg>\t\t\t<\/span>\n\t\t\t\t\t\t\t\t\t<span class=\"elementor-button-text\">Read More<\/span>\n\t\t\t\t\t<\/span>\n\t\t\t\t\t<\/a>\n\t\t\t\t<\/div>\n\t\t\t\t\t\t\t\t<\/div>\n\t\t\t\t<\/div>\n\t\t\t\t<\/div>\n\t\t\t\t\t<\/div>\n\t\t\t\t<\/div>\n\t\t<div class=\"elementor-element elementor-element-e34f590 e-flex e-con-boxed e-con e-parent\" data-id=\"e34f590\" data-element_type=\"container\" data-e-type=\"container\">\n\t\t\t\t\t<div class=\"e-con-inner\">\n\t\t\t\t<div class=\"elementor-element elementor-element-82cdbc7 elementor-widget elementor-widget-spacer\" data-id=\"82cdbc7\" data-element_type=\"widget\" data-e-type=\"widget\" data-widget_type=\"spacer.default\">\n\t\t\t\t<div class=\"elementor-widget-container\">\n\t\t\t\t\t\t\t<div class=\"elementor-spacer\">\n\t\t\t<div class=\"elementor-spacer-inner\"><\/div>\n\t\t<\/div>\n\t\t\t\t\t\t<\/div>\n\t\t\t\t<\/div>\n\t\t\t\t\t<\/div>\n\t\t\t\t<\/div>\n\t\t\t\t<\/div>","protected":false},"excerpt":{"rendered":"<p>Isabel De Obald\u00edaPaname\u00f1a nacida en Washington D.C. , 1957 Aunque inicialmente se form\u00f3 en dise\u00f1o gr\u00e1fico y cinematograf\u00eda, la admirada artista paname\u00f1a Isabel De Obald\u00eda es conocida por sus dibujos, pinturas, esculturas y v\u00eddeos. Ha expuesto durante cuatro d\u00e9cadas en numerosas exposiciones individuales y colectivas en Panam\u00e1, Europa y Estados Unidos. En 1989, \u00e9poca de [&hellip;]<\/p>\n","protected":false},"author":1,"featured_media":0,"parent":0,"menu_order":0,"comment_status":"closed","ping_status":"closed","template":"","meta":{"site-sidebar-layout":"no-sidebar","site-content-layout":"page-builder","ast-site-content-layout":"full-width-container","site-content-style":"default","site-sidebar-style":"default","ast-global-header-display":"","ast-banner-title-visibility":"","ast-main-header-display":"","ast-hfb-above-header-display":"","ast-hfb-below-header-display":"","ast-hfb-mobile-header-display":"","site-post-title":"disabled","ast-breadcrumbs-content":"","ast-featured-img":"disabled","footer-sml-layout":"","ast-disable-related-posts":"","theme-transparent-header-meta":"","adv-header-id-meta":"","stick-header-meta":"","header-above-stick-meta":"","header-main-stick-meta":"","header-below-stick-meta":"","astra-migrate-meta-layouts":"set","ast-page-background-enabled":"default","ast-page-background-meta":{"desktop":{"background-color":"","background-image":"","background-repeat":"repeat","background-position":"center center","background-size":"auto","background-attachment":"scroll","background-type":"","background-media":"","overlay-type":"","overlay-color":"","overlay-opacity":"","overlay-gradient":""},"tablet":{"background-color":"","background-image":"","background-repeat":"repeat","background-position":"center center","background-size":"auto","background-attachment":"scroll","background-type":"","background-media":"","overlay-type":"","overlay-color":"","overlay-opacity":"","overlay-gradient":""},"mobile":{"background-color":"","background-image":"","background-repeat":"repeat","background-position":"center center","background-size":"auto","background-attachment":"scroll","background-type":"","background-media":"","overlay-type":"","overlay-color":"","overlay-opacity":"","overlay-gradient":""}},"ast-content-background-meta":{"desktop":{"background-color":"var(--ast-global-color-5)","background-image":"","background-repeat":"repeat","background-position":"center center","background-size":"auto","background-attachment":"scroll","background-type":"","background-media":"","overlay-type":"","overlay-color":"","overlay-opacity":"","overlay-gradient":""},"tablet":{"background-color":"var(--ast-global-color-5)","background-image":"","background-repeat":"repeat","background-position":"center center","background-size":"auto","background-attachment":"scroll","background-type":"","background-media":"","overlay-type":"","overlay-color":"","overlay-opacity":"","overlay-gradient":""},"mobile":{"background-color":"var(--ast-global-color-5)","background-image":"","background-repeat":"repeat","background-position":"center center","background-size":"auto","background-attachment":"scroll","background-type":"","background-media":"","overlay-type":"","overlay-color":"","overlay-opacity":"","overlay-gradient":""}},"footnotes":""},"class_list":["post-3507","page","type-page","status-publish","hentry"],"_links":{"self":[{"href":"https:\/\/panamapavilion.org\/en\/wp-json\/wp\/v2\/pages\/3507","targetHints":{"allow":["GET"]}}],"collection":[{"href":"https:\/\/panamapavilion.org\/en\/wp-json\/wp\/v2\/pages"}],"about":[{"href":"https:\/\/panamapavilion.org\/en\/wp-json\/wp\/v2\/types\/page"}],"author":[{"embeddable":true,"href":"https:\/\/panamapavilion.org\/en\/wp-json\/wp\/v2\/users\/1"}],"replies":[{"embeddable":true,"href":"https:\/\/panamapavilion.org\/en\/wp-json\/wp\/v2\/comments?post=3507"}],"version-history":[{"count":4,"href":"https:\/\/panamapavilion.org\/en\/wp-json\/wp\/v2\/pages\/3507\/revisions"}],"predecessor-version":[{"id":3511,"href":"https:\/\/panamapavilion.org\/en\/wp-json\/wp\/v2\/pages\/3507\/revisions\/3511"}],"wp:attachment":[{"href":"https:\/\/panamapavilion.org\/en\/wp-json\/wp\/v2\/media?parent=3507"}],"curies":[{"name":"wp","href":"https:\/\/api.w.org\/{rel}","templated":true}]}}